{"id":20,"date":"2025-01-15T02:26:42","date_gmt":"2025-01-15T01:26:42","guid":{"rendered":"https:\/\/avade.es\/?page_id=20"},"modified":"2025-04-08T15:13:59","modified_gmt":"2025-04-08T13:13:59","slug":"contacto","status":"publish","type":"page","link":"https:\/\/avade.es\/index.php\/contacto\/","title":{"rendered":"Contacto"},"content":{"rendered":"<p><strong>\u00a1Contacta con nosotros!<\/strong><\/p>\n<p>\u00bfBuscas m\u00e1s informaci\u00f3n sobre nuestros servicios?<br \/>\n\u00bfNecesitas ayuda para encontrar la soluci\u00f3n perfecta a tus necesidades?<br \/>\n\u00bfQuieres solicitar un presupuesto personalizado?<\/p>\n<p>Estamos aqu\u00ed para ayudarte. Ya sea que tengas dudas, necesites asesoramiento o simplemente quieras m\u00e1s detalles sobre c\u00f3mo trabajamos, nuestro equipo estar\u00e1 encantado de atenderte.<\/p>\n<p><strong>Rellena el formulario de contacto<\/strong> que encontrar\u00e1s a continuaci\u00f3n y nos pondremos en contacto contigo lo antes posible. Cu\u00e9ntanos qu\u00e9 necesitas y te ofreceremos la mejor soluci\u00f3n, adaptada a ti.<\/p>\n\n<div class=\"wpcf7 no-js\" id=\"wpcf7-f6-o1\" lang=\"es-ES\" dir=\"ltr\" data-wpcf7-id=\"6\">\n<div class=\"screen-reader-response\"><p role=\"status\" aria-live=\"polite\" aria-atomic=\"true\"><\/p> <ul><\/ul><\/div>\n<form action=\"\/index.php\/wp-json\/wp\/v2\/pages\/20#wpcf7-f6-o1\" method=\"post\" class=\"wpcf7-form init\" aria-label=\"Formulario de contacto\" novalidate=\"novalidate\" data-status=\"init\">\n<fieldset class=\"hidden-fields-container\"><input type=\"hidden\" name=\"_wpcf7\" value=\"6\" \/><input type=\"hidden\" name=\"_wpcf7_version\" value=\"6.1.4\" \/><input type=\"hidden\" name=\"_wpcf7_locale\" value=\"es_ES\" \/><input type=\"hidden\" name=\"_wpcf7_unit_tag\" value=\"wpcf7-f6-o1\" \/><input type=\"hidden\" name=\"_wpcf7_container_post\" value=\"0\" \/><input type=\"hidden\" name=\"_wpcf7_posted_data_hash\" value=\"\" \/>\n<\/fieldset>\n<p><label> Dinos tu nombre<br \/>\n<span class=\"wpcf7-form-control-wrap\" data-name=\"your-name\"><input size=\"40\" maxlength=\"400\" class=\"wpcf7-form-control wpcf7-text wpcf7-validates-as-required\" autocomplete=\"name\" aria-required=\"true\" aria-invalid=\"false\" value=\"\" type=\"text\" name=\"your-name\" \/><\/span> <\/label>\n<\/p>\n<p><label> Un correo al que poder responderte<br \/>\n<span class=\"wpcf7-form-control-wrap\" data-name=\"your-email\"><input size=\"40\" maxlength=\"400\" class=\"wpcf7-form-control wpcf7-email wpcf7-validates-as-required wpcf7-text wpcf7-validates-as-email\" autocomplete=\"email\" aria-required=\"true\" aria-invalid=\"false\" value=\"\" type=\"email\" name=\"your-email\" \/><\/span> <\/label><br \/>\n<label> Tabien te podemos llamar por telefono<br \/>\n<span class=\"wpcf7-form-control-wrap\" data-name=\"tel-571\"><input size=\"40\" maxlength=\"400\" class=\"wpcf7-form-control wpcf7-tel wpcf7-text wpcf7-validates-as-tel\" aria-invalid=\"false\" value=\"\" type=\"tel\" name=\"tel-571\" \/><\/span><\/label><br \/>\n<label> Sobre que necesitas informacion?<br \/>\n<span class=\"wpcf7-form-control-wrap\" data-name=\"your-subject\"><input size=\"40\" maxlength=\"400\" class=\"wpcf7-form-control wpcf7-text wpcf7-validates-as-required\" aria-required=\"true\" aria-invalid=\"false\" value=\"\" type=\"text\" name=\"your-subject\" \/><\/span> <\/label>\n<\/p>\n<p><label> Tu mensaje<br \/>\n<span class=\"wpcf7-form-control-wrap\" data-name=\"your-message\"><textarea cols=\"40\" rows=\"10\" maxlength=\"2000\" class=\"wpcf7-form-control wpcf7-textarea\" aria-invalid=\"false\" name=\"your-message\"><\/textarea><\/span> <\/label>\n<\/p>\n<p><input class=\"wpcf7-form-control wpcf7-submit has-spinner\" type=\"submit\" value=\"Enviar\" \/>\n<\/p><p style=\"display: none !important;\" class=\"akismet-fields-container\" data-prefix=\"_wpcf7_ak_\"><label>&#916;<textarea name=\"_wpcf7_ak_hp_textarea\" cols=\"45\" rows=\"8\" maxlength=\"100\"><\/textarea><\/label><input type=\"hidden\" id=\"ak_js_1\" name=\"_wpcf7_ak_js\" value=\"103\"\/><script>document.getElementById( \"ak_js_1\" ).setAttribute( \"value\", ( new Date() ).getTime() );<\/script><\/p><div class=\"wpcf7-response-output\" aria-hidden=\"true\"><\/div>\n<\/form>\n<\/div>\n\n<p>Tambi\u00e9n puedes escribirnos directamente o llamarnos. \u00a1Estamos a tu disposici\u00f3n!<\/p>\n<p>+34 \ud83c\uddea\ud83c\uddf8 881 948 021 o +34 \ud83c\uddea\ud83c\uddf8 657 831 685<\/p>\n","protected":false},"excerpt":{"rendered":"<p>\u00a1Contacta con nosotros! \u00bfBuscas m\u00e1s informaci\u00f3n sobre nuestros servicios? \u00bfNecesitas ayuda para encontrar la soluci\u00f3n &#8230; <a class=\"read-more\" href=\"https:\/\/avade.es\/index.php\/contacto\/\">Leer m\u00e1s&#8230;<\/a><\/p>\n","protected":false},"author":1,"featured_media":0,"parent":0,"menu_order":0,"comment_status":"closed","ping_status":"closed","template":"","meta":{"iawp_total_views":50,"footnotes":""},"class_list":["post-20","page","type-page","status-publish"],"yoast_head":"<!-- This site is optimized with the Yoast SEO plugin v26.8 - https:\/\/yoast.com\/product\/yoast-seo-wordpress\/ -->\n<title>Contacto - Avade<\/title>\n<meta name=\"robots\" content=\"index, follow, max-snippet:-1, max-image-preview:large, max-video-preview:-1\" \/>\n<link rel=\"canonical\" href=\"https:\/\/avade.es\/index.php\/contacto\/\" \/>\n<meta property=\"og:locale\" content=\"es_ES\" \/>\n<meta property=\"og:type\" content=\"article\" \/>\n<meta property=\"og:title\" content=\"Contacto - Avade\" \/>\n<meta property=\"og:description\" content=\"\u00a1Contacta con nosotros! \u00bfBuscas m\u00e1s informaci\u00f3n sobre nuestros servicios? \u00bfNecesitas ayuda para encontrar la soluci\u00f3n ... Leer m\u00e1s...\" \/>\n<meta property=\"og:url\" content=\"https:\/\/avade.es\/index.php\/contacto\/\" \/>\n<meta property=\"og:site_name\" content=\"Avade\" \/>\n<meta property=\"article:modified_time\" content=\"2025-04-08T13:13:59+00:00\" \/>\n<meta name=\"twitter:card\" content=\"summary_large_image\" \/>\n<meta name=\"twitter:label1\" content=\"Tiempo de lectura\" \/>\n\t<meta name=\"twitter:data1\" content=\"1 minuto\" \/>\n<script type=\"application\/ld+json\" class=\"yoast-schema-graph\">{\"@context\":\"https:\/\/schema.org\",\"@graph\":[{\"@type\":\"WebPage\",\"@id\":\"https:\/\/avade.es\/index.php\/contacto\/\",\"url\":\"https:\/\/avade.es\/index.php\/contacto\/\",\"name\":\"Contacto - Avade\",\"isPartOf\":{\"@id\":\"https:\/\/avade.es\/#website\"},\"datePublished\":\"2025-01-15T01:26:42+00:00\",\"dateModified\":\"2025-04-08T13:13:59+00:00\",\"breadcrumb\":{\"@id\":\"https:\/\/avade.es\/index.php\/contacto\/#breadcrumb\"},\"inLanguage\":\"es\",\"potentialAction\":[{\"@type\":\"ReadAction\",\"target\":[\"https:\/\/avade.es\/index.php\/contacto\/\"]}]},{\"@type\":\"BreadcrumbList\",\"@id\":\"https:\/\/avade.es\/index.php\/contacto\/#breadcrumb\",\"itemListElement\":[{\"@type\":\"ListItem\",\"position\":1,\"name\":\"Portada\",\"item\":\"https:\/\/avade.es\/\"},{\"@type\":\"ListItem\",\"position\":2,\"name\":\"Contacto\"}]},{\"@type\":\"WebSite\",\"@id\":\"https:\/\/avade.es\/#website\",\"url\":\"https:\/\/avade.es\/\",\"name\":\"Avade\",\"description\":\"Servicios para Empresas y Particulares\",\"publisher\":{\"@id\":\"https:\/\/avade.es\/#organization\"},\"potentialAction\":[{\"@type\":\"SearchAction\",\"target\":{\"@type\":\"EntryPoint\",\"urlTemplate\":\"https:\/\/avade.es\/?s={search_term_string}\"},\"query-input\":{\"@type\":\"PropertyValueSpecification\",\"valueRequired\":true,\"valueName\":\"search_term_string\"}}],\"inLanguage\":\"es\"},{\"@type\":\"Organization\",\"@id\":\"https:\/\/avade.es\/#organization\",\"name\":\"Avade\",\"url\":\"https:\/\/avade.es\/\",\"logo\":{\"@type\":\"ImageObject\",\"inLanguage\":\"es\",\"@id\":\"https:\/\/avade.es\/#\/schema\/logo\/image\/\",\"url\":\"https:\/\/avade.es\/wp-content\/uploads\/2025\/04\/cropped-banner-2.png\",\"contentUrl\":\"https:\/\/avade.es\/wp-content\/uploads\/2025\/04\/cropped-banner-2.png\",\"width\":500,\"height\":100,\"caption\":\"Avade\"},\"image\":{\"@id\":\"https:\/\/avade.es\/#\/schema\/logo\/image\/\"}}]}<\/script>\n<!-- \/ Yoast SEO plugin. -->","yoast_head_json":{"title":"Contacto - Avade","robots":{"index":"index","follow":"follow","max-snippet":"max-snippet:-1","max-image-preview":"max-image-preview:large","max-video-preview":"max-video-preview:-1"},"canonical":"https:\/\/avade.es\/index.php\/contacto\/","og_locale":"es_ES","og_type":"article","og_title":"Contacto - Avade","og_description":"\u00a1Contacta con nosotros! \u00bfBuscas m\u00e1s informaci\u00f3n sobre nuestros servicios? \u00bfNecesitas ayuda para encontrar la soluci\u00f3n ... Leer m\u00e1s...","og_url":"https:\/\/avade.es\/index.php\/contacto\/","og_site_name":"Avade","article_modified_time":"2025-04-08T13:13:59+00:00","twitter_card":"summary_large_image","twitter_misc":{"Tiempo de lectura":"1 minuto"},"schema":{"@context":"https:\/\/schema.org","@graph":[{"@type":"WebPage","@id":"https:\/\/avade.es\/index.php\/contacto\/","url":"https:\/\/avade.es\/index.php\/contacto\/","name":"Contacto - Avade","isPartOf":{"@id":"https:\/\/avade.es\/#website"},"datePublished":"2025-01-15T01:26:42+00:00","dateModified":"2025-04-08T13:13:59+00:00","breadcrumb":{"@id":"https:\/\/avade.es\/index.php\/contacto\/#breadcrumb"},"inLanguage":"es","potentialAction":[{"@type":"ReadAction","target":["https:\/\/avade.es\/index.php\/contacto\/"]}]},{"@type":"BreadcrumbList","@id":"https:\/\/avade.es\/index.php\/contacto\/#breadcrumb","itemListElement":[{"@type":"ListItem","position":1,"name":"Portada","item":"https:\/\/avade.es\/"},{"@type":"ListItem","position":2,"name":"Contacto"}]},{"@type":"WebSite","@id":"https:\/\/avade.es\/#website","url":"https:\/\/avade.es\/","name":"Avade","description":"Servicios para Empresas y Particulares","publisher":{"@id":"https:\/\/avade.es\/#organization"},"potentialAction":[{"@type":"SearchAction","target":{"@type":"EntryPoint","urlTemplate":"https:\/\/avade.es\/?s={search_term_string}"},"query-input":{"@type":"PropertyValueSpecification","valueRequired":true,"valueName":"search_term_string"}}],"inLanguage":"es"},{"@type":"Organization","@id":"https:\/\/avade.es\/#organization","name":"Avade","url":"https:\/\/avade.es\/","logo":{"@type":"ImageObject","inLanguage":"es","@id":"https:\/\/avade.es\/#\/schema\/logo\/image\/","url":"https:\/\/avade.es\/wp-content\/uploads\/2025\/04\/cropped-banner-2.png","contentUrl":"https:\/\/avade.es\/wp-content\/uploads\/2025\/04\/cropped-banner-2.png","width":500,"height":100,"caption":"Avade"},"image":{"@id":"https:\/\/avade.es\/#\/schema\/logo\/image\/"}}]}},"_links":{"self":[{"href":"https:\/\/avade.es\/index.php\/wp-json\/wp\/v2\/pages\/20","targetHints":{"allow":["GET"]}}],"collection":[{"href":"https:\/\/avade.es\/index.php\/wp-json\/wp\/v2\/pages"}],"about":[{"href":"https:\/\/avade.es\/index.php\/wp-json\/wp\/v2\/types\/page"}],"author":[{"embeddable":true,"href":"https:\/\/avade.es\/index.php\/wp-json\/wp\/v2\/users\/1"}],"replies":[{"embeddable":true,"href":"https:\/\/avade.es\/index.php\/wp-json\/wp\/v2\/comments?post=20"}],"version-history":[{"count":9,"href":"https:\/\/avade.es\/index.php\/wp-json\/wp\/v2\/pages\/20\/revisions"}],"predecessor-version":[{"id":125,"href":"https:\/\/avade.es\/index.php\/wp-json\/wp\/v2\/pages\/20\/revisions\/125"}],"wp:attachment":[{"href":"https:\/\/avade.es\/index.php\/wp-json\/wp\/v2\/media?parent=20"}],"curies":[{"name":"wp","href":"https:\/\/api.w.org\/{rel}","templated":true}]}}