{"id":3,"date":"2025-01-15T00:17:32","date_gmt":"2025-01-14T23:17:32","guid":{"rendered":"http:\/\/avade.es\/?page_id=3"},"modified":"2025-04-09T02:31:57","modified_gmt":"2025-04-09T00:31:57","slug":"politica-privacidad","status":"publish","type":"page","link":"https:\/\/avade.es\/index.php\/politica-privacidad\/","title":{"rendered":"Pol\u00edtica de privacidad"},"content":{"rendered":"<p>En <strong>Avade.es<\/strong>, valoramos tu privacidad y estamos comprometidos a proteger los datos personales que compartas con nosotros. Esta pol\u00edtica de privacidad describe c\u00f3mo recopilamos, utilizamos y protegemos tu informaci\u00f3n, en cumplimiento con el Reglamento General de Protecci\u00f3n de Datos (RGPD) y otras normativas aplicables.<\/p>\n<h3><strong>Qui\u00e9nes somos<\/strong><\/h3>\n<p>Nuestra web es: <a href=\"https:\/\/avade.es\" target=\"_new\" rel=\"noopener\">https:\/\/avade.es<\/a>.<br \/>\nPuedes contactarnos a trav\u00e9s del formulario disponible en nuestra p\u00e1gina de contacto para cualquier duda o consulta relacionada con esta pol\u00edtica de privacidad.<\/p>\n<hr \/>\n<h3><strong>Qu\u00e9 datos personales recopilamos y por qu\u00e9<\/strong><\/h3>\n<h4><strong>Formulario de contacto<\/strong><\/h4>\n<p>Cuando rellenas nuestro formulario de contacto o bolsa de trabajo, recopilamos los datos que nos proporcionas, como:<\/p>\n<ul>\n<li>Nombre<\/li>\n<li>Direcci\u00f3n de correo electr\u00f3nico<\/li>\n<li>N\u00famero de tel\u00e9fono<\/li>\n<li>Cualquier otra informaci\u00f3n que decidas compartir en el formulario<\/li>\n<\/ul>\n<p><strong>Finalidad:<\/strong><br \/>\nEstos datos se utilizan exclusivamente para:<\/p>\n<ul>\n<li>Gestionar y responder a tus consultas.<\/li>\n<li>Ofrecerte informaci\u00f3n o presupuestos relacionados con los servicios solicitados.<\/li>\n<li>Contactarte en relaci\u00f3n con el servicio solicitado.<\/li>\n<\/ul>\n<p><strong>No compartimos, vendemos ni utilizamos tus datos para fines distintos a los mencionados.<\/strong><\/p>\n<hr \/>\n<h4><strong>Comentarios<\/strong><\/h4>\n<p>Si dejas un comentario en nuestra web, recopilamos los datos que introduces en el formulario de comentarios, as\u00ed como tu direcci\u00f3n IP y el agente de usuario de tu navegador. Esto nos ayuda a prevenir el spam.<\/p>\n<p>Si utilizas el servicio de Gravatar, una cadena an\u00f3nima creada a partir de tu direcci\u00f3n de correo electr\u00f3nico (hash) puede enviarse a este servicio para comprobar si tienes un perfil activo. La pol\u00edtica de privacidad de Gravatar est\u00e1 disponible en: <a href=\"https:\/\/automattic.com\/privacy\/\" target=\"_new\" rel=\"noopener\">https:\/\/automattic.com\/privacy\/<\/a>.<\/p>\n<hr \/>\n<h4><strong>Cookies<\/strong><\/h4>\n<p>Utilizamos cookies para mejorar tu experiencia en nuestra web. Por ejemplo:<\/p>\n<ul>\n<li>Si dejas un comentario, puedes elegir guardar tu nombre, correo electr\u00f3nico y web en cookies para no tener que rellenar estos datos nuevamente. Estas cookies tienen una duraci\u00f3n de un a\u00f1o.<\/li>\n<li>Si accedes a tu cuenta, instalamos cookies temporales para guardar tu informaci\u00f3n de acceso y tus preferencias de visualizaci\u00f3n.<\/li>\n<\/ul>\n<p>Puedes gestionar tus preferencias de cookies a trav\u00e9s de la configuraci\u00f3n de tu navegador.<\/p>\n<hr \/>\n<h4><strong>Contenido incrustado de otros sitios web<\/strong><\/h4>\n<p>Algunos art\u00edculos en nuestra web pueden incluir contenido incrustado (por ejemplo, v\u00eddeos o im\u00e1genes). Este contenido se comporta como si visitaras directamente el sitio web de origen, lo que significa que pueden recopilar datos sobre ti, utilizar cookies o realizar un seguimiento de tu interacci\u00f3n con el contenido.<\/p>\n<hr \/>\n<h3><strong>Con qui\u00e9n compartimos tus datos<\/strong><\/h3>\n<p>Tu informaci\u00f3n personal no se comparte con terceros, salvo en los siguientes casos:<\/p>\n<ul>\n<li>Para cumplir con obligaciones legales.<\/li>\n<li>Si solicitas un restablecimiento de contrase\u00f1a, tu direcci\u00f3n IP ser\u00e1 incluida en el correo de restablecimiento.<\/li>\n<\/ul>\n<hr \/>\n<h3><strong>Cu\u00e1nto tiempo conservamos tus datos<\/strong><\/h3>\n<ul>\n<li><strong>Comentarios:<\/strong> Los comentarios y sus metadatos se conservan indefinidamente para facilitar el reconocimiento de comentarios futuros.<\/li>\n<li><strong>Formularios:<\/strong> Los datos enviados a trav\u00e9s de formularios se conservar\u00e1n durante el tiempo necesario para gestionar tu solicitud o mientras mantengamos una relaci\u00f3n activa contigo.<\/li>\n<\/ul>\n<hr \/>\n<h3><strong>Qu\u00e9 derechos tienes sobre tus datos<\/strong><\/h3>\n<p>Tienes derecho a:<\/p>\n<ul>\n<li>Solicitar acceso a los datos personales que tenemos sobre ti.<\/li>\n<li>Solicitar la rectificaci\u00f3n o eliminaci\u00f3n de tus datos.<\/li>\n<li>Limitar u oponerte al tratamiento de tus datos.<\/li>\n<li>Retirar tu consentimiento en cualquier momento.<\/li>\n<\/ul>\n<p>Para ejercer tus derechos, cont\u00e1ctanos a trav\u00e9s de nuestro formulario de contacto. Responderemos a tu solicitud en un plazo m\u00e1ximo de 30 d\u00edas.<\/p>\n<hr \/>\n<h3><strong>C\u00f3mo protegemos tus datos<\/strong><\/h3>\n<p>En <strong>Avade.es<\/strong>, implementamos medidas de seguridad t\u00e9cnicas y organizativas para proteger tus datos personales frente a accesos no autorizados, alteraciones o p\u00e9rdidas.<\/p>\n<hr \/>\n<h3><strong>D\u00f3nde se env\u00edan tus datos<\/strong><\/h3>\n<p>Los comentarios de los visitantes pueden ser revisados mediante un servicio de detecci\u00f3n autom\u00e1tica de spam.<\/p>\n<hr \/>\n<p><strong>Actualizaci\u00f3n de esta pol\u00edtica<\/strong><br \/>\nEsta pol\u00edtica de privacidad puede ser actualizada ocasionalmente para reflejar cambios en nuestros servicios o normativas aplicables. Te recomendamos revisarla peri\u00f3dicamente.<\/p>\n","protected":false},"excerpt":{"rendered":"<p>En Avade.es, valoramos tu privacidad y estamos comprometidos a proteger los datos personales que compartas &#8230; <a class=\"read-more\" href=\"https:\/\/avade.es\/index.php\/politica-privacidad\/\">Leer m\u00e1s&#8230;<\/a><\/p>\n","protected":false},"author":1,"featured_media":0,"parent":0,"menu_order":0,"comment_status":"closed","ping_status":"open","template":"","meta":{"iawp_total_views":23,"footnotes":""},"class_list":["post-3","page","type-page","status-publish"],"yoast_head":"<!-- This site is optimized with the Yoast SEO plugin v26.8 - https:\/\/yoast.com\/product\/yoast-seo-wordpress\/ -->\n<title>Pol\u00edtica de privacidad - Avade<\/title>\n<meta name=\"robots\" content=\"index, follow, max-snippet:-1, max-image-preview:large, max-video-preview:-1\" \/>\n<link rel=\"canonical\" href=\"https:\/\/avade.es\/index.php\/politica-privacidad\/\" \/>\n<meta property=\"og:locale\" content=\"es_ES\" \/>\n<meta property=\"og:type\" content=\"article\" \/>\n<meta property=\"og:title\" content=\"Pol\u00edtica de privacidad - Avade\" \/>\n<meta property=\"og:description\" content=\"En Avade.es, valoramos tu privacidad y estamos comprometidos a proteger los datos personales que compartas ... Leer m\u00e1s...\" \/>\n<meta property=\"og:url\" content=\"https:\/\/avade.es\/index.php\/politica-privacidad\/\" \/>\n<meta property=\"og:site_name\" content=\"Avade\" \/>\n<meta property=\"article:modified_time\" content=\"2025-04-09T00:31:57+00:00\" \/>\n<meta name=\"twitter:card\" content=\"summary_large_image\" \/>\n<meta name=\"twitter:label1\" content=\"Tiempo de lectura\" \/>\n\t<meta name=\"twitter:data1\" content=\"3 minutos\" \/>\n<script type=\"application\/ld+json\" class=\"yoast-schema-graph\">{\"@context\":\"https:\/\/schema.org\",\"@graph\":[{\"@type\":\"WebPage\",\"@id\":\"https:\/\/avade.es\/index.php\/politica-privacidad\/\",\"url\":\"https:\/\/avade.es\/index.php\/politica-privacidad\/\",\"name\":\"Pol\u00edtica de privacidad - Avade\",\"isPartOf\":{\"@id\":\"https:\/\/avade.es\/#website\"},\"datePublished\":\"2025-01-14T23:17:32+00:00\",\"dateModified\":\"2025-04-09T00:31:57+00:00\",\"breadcrumb\":{\"@id\":\"https:\/\/avade.es\/index.php\/politica-privacidad\/#breadcrumb\"},\"inLanguage\":\"es\",\"potentialAction\":[{\"@type\":\"ReadAction\",\"target\":[\"https:\/\/avade.es\/index.php\/politica-privacidad\/\"]}]},{\"@type\":\"BreadcrumbList\",\"@id\":\"https:\/\/avade.es\/index.php\/politica-privacidad\/#breadcrumb\",\"itemListElement\":[{\"@type\":\"ListItem\",\"position\":1,\"name\":\"Portada\",\"item\":\"https:\/\/avade.es\/\"},{\"@type\":\"ListItem\",\"position\":2,\"name\":\"Pol\u00edtica de privacidad\"}]},{\"@type\":\"WebSite\",\"@id\":\"https:\/\/avade.es\/#website\",\"url\":\"https:\/\/avade.es\/\",\"name\":\"Avade\",\"description\":\"Servicios para Empresas y Particulares\",\"publisher\":{\"@id\":\"https:\/\/avade.es\/#organization\"},\"potentialAction\":[{\"@type\":\"SearchAction\",\"target\":{\"@type\":\"EntryPoint\",\"urlTemplate\":\"https:\/\/avade.es\/?s={search_term_string}\"},\"query-input\":{\"@type\":\"PropertyValueSpecification\",\"valueRequired\":true,\"valueName\":\"search_term_string\"}}],\"inLanguage\":\"es\"},{\"@type\":\"Organization\",\"@id\":\"https:\/\/avade.es\/#organization\",\"name\":\"Avade\",\"url\":\"https:\/\/avade.es\/\",\"logo\":{\"@type\":\"ImageObject\",\"inLanguage\":\"es\",\"@id\":\"https:\/\/avade.es\/#\/schema\/logo\/image\/\",\"url\":\"https:\/\/avade.es\/wp-content\/uploads\/2025\/04\/cropped-banner-2.png\",\"contentUrl\":\"https:\/\/avade.es\/wp-content\/uploads\/2025\/04\/cropped-banner-2.png\",\"width\":500,\"height\":100,\"caption\":\"Avade\"},\"image\":{\"@id\":\"https:\/\/avade.es\/#\/schema\/logo\/image\/\"}}]}<\/script>\n<!-- \/ Yoast SEO plugin. -->","yoast_head_json":{"title":"Pol\u00edtica de privacidad - Avade","robots":{"index":"index","follow":"follow","max-snippet":"max-snippet:-1","max-image-preview":"max-image-preview:large","max-video-preview":"max-video-preview:-1"},"canonical":"https:\/\/avade.es\/index.php\/politica-privacidad\/","og_locale":"es_ES","og_type":"article","og_title":"Pol\u00edtica de privacidad - Avade","og_description":"En Avade.es, valoramos tu privacidad y estamos comprometidos a proteger los datos personales que compartas ... Leer m\u00e1s...","og_url":"https:\/\/avade.es\/index.php\/politica-privacidad\/","og_site_name":"Avade","article_modified_time":"2025-04-09T00:31:57+00:00","twitter_card":"summary_large_image","twitter_misc":{"Tiempo de lectura":"3 minutos"},"schema":{"@context":"https:\/\/schema.org","@graph":[{"@type":"WebPage","@id":"https:\/\/avade.es\/index.php\/politica-privacidad\/","url":"https:\/\/avade.es\/index.php\/politica-privacidad\/","name":"Pol\u00edtica de privacidad - Avade","isPartOf":{"@id":"https:\/\/avade.es\/#website"},"datePublished":"2025-01-14T23:17:32+00:00","dateModified":"2025-04-09T00:31:57+00:00","breadcrumb":{"@id":"https:\/\/avade.es\/index.php\/politica-privacidad\/#breadcrumb"},"inLanguage":"es","potentialAction":[{"@type":"ReadAction","target":["https:\/\/avade.es\/index.php\/politica-privacidad\/"]}]},{"@type":"BreadcrumbList","@id":"https:\/\/avade.es\/index.php\/politica-privacidad\/#breadcrumb","itemListElement":[{"@type":"ListItem","position":1,"name":"Portada","item":"https:\/\/avade.es\/"},{"@type":"ListItem","position":2,"name":"Pol\u00edtica de privacidad"}]},{"@type":"WebSite","@id":"https:\/\/avade.es\/#website","url":"https:\/\/avade.es\/","name":"Avade","description":"Servicios para Empresas y Particulares","publisher":{"@id":"https:\/\/avade.es\/#organization"},"potentialAction":[{"@type":"SearchAction","target":{"@type":"EntryPoint","urlTemplate":"https:\/\/avade.es\/?s={search_term_string}"},"query-input":{"@type":"PropertyValueSpecification","valueRequired":true,"valueName":"search_term_string"}}],"inLanguage":"es"},{"@type":"Organization","@id":"https:\/\/avade.es\/#organization","name":"Avade","url":"https:\/\/avade.es\/","logo":{"@type":"ImageObject","inLanguage":"es","@id":"https:\/\/avade.es\/#\/schema\/logo\/image\/","url":"https:\/\/avade.es\/wp-content\/uploads\/2025\/04\/cropped-banner-2.png","contentUrl":"https:\/\/avade.es\/wp-content\/uploads\/2025\/04\/cropped-banner-2.png","width":500,"height":100,"caption":"Avade"},"image":{"@id":"https:\/\/avade.es\/#\/schema\/logo\/image\/"}}]}},"_links":{"self":[{"href":"https:\/\/avade.es\/index.php\/wp-json\/wp\/v2\/pages\/3","targetHints":{"allow":["GET"]}}],"collection":[{"href":"https:\/\/avade.es\/index.php\/wp-json\/wp\/v2\/pages"}],"about":[{"href":"https:\/\/avade.es\/index.php\/wp-json\/wp\/v2\/types\/page"}],"author":[{"embeddable":true,"href":"https:\/\/avade.es\/index.php\/wp-json\/wp\/v2\/users\/1"}],"replies":[{"embeddable":true,"href":"https:\/\/avade.es\/index.php\/wp-json\/wp\/v2\/comments?post=3"}],"version-history":[{"count":4,"href":"https:\/\/avade.es\/index.php\/wp-json\/wp\/v2\/pages\/3\/revisions"}],"predecessor-version":[{"id":55,"href":"https:\/\/avade.es\/index.php\/wp-json\/wp\/v2\/pages\/3\/revisions\/55"}],"wp:attachment":[{"href":"https:\/\/avade.es\/index.php\/wp-json\/wp\/v2\/media?parent=3"}],"curies":[{"name":"wp","href":"https:\/\/api.w.org\/{rel}","templated":true}]}}